{"id":338,"date":"2018-01-13T12:59:55","date_gmt":"2018-01-13T11:59:55","guid":{"rendered":"http:\/\/2018.rainbowgolfers.com\/?page_id=338"},"modified":"2026-02-27T11:54:36","modified_gmt":"2026-02-27T10:54:36","slug":"impressum","status":"publish","type":"page","link":"https:\/\/www.german-rainbow-golfers.com\/en\/impressum\/","title":{"rendered":"Impressum"},"content":{"rendered":"<p>[vc_row css_animation=&#8221;&#8221; row_type=&#8221;row&#8221; use_row_as_full_screen_section=&#8221;no&#8221; type=&#8221;full_width&#8221; angled_section=&#8221;no&#8221; text_align=&#8221;left&#8221; background_image_as_pattern=&#8221;without_pattern&#8221;][vc_column width=&#8221;2\/3&#8243;][vc_column_text]<\/p>\n<h2>Site Notice<\/h2>\n<h3><\/h3>\n<h3>Information pursuant to Sect. 5 German Telemedia Act (TMG)<\/h3>\n<p>German-Rainbow-Golfers e.V.<br \/>\nSch\u00f6ffengasse 19<br \/>\n41751 Viersen<\/p>\n<p>&nbsp;<\/p>\n<p>Register of Associations: 201256<br \/>\nRegistration court: Amtsgericht L\u00fcneburg<\/p>\n<p>&nbsp;<\/p>\n<p><strong>Represented by:<\/strong><br \/>\n1. Vorsitzender: Andreas Iken, Hamburg<br \/>\n2. Vorsitzende: Theresa Domann, Hamburg<br \/>\nBeisitzerin: Daniela Leonhard, Belm<br \/>\nKassenwart: Markus Ortlieb, Heidelberg<\/p>\n<p>&nbsp;<\/p>\n<h3>Contact<\/h3>\n<p>E-mail: <a href=\"mailto:vorstand@german-rainbow-golfers.com\">vorstand@german-rainbow-golfers.com<\/a><\/p>\n<p>&nbsp;<\/p>\n<h3>VAT ID<\/h3>\n<p>Sales tax identification number according to Sect. 27 a of the Sales Tax Law:<br \/>\nDE232610997<\/p>\n<p>&nbsp;<\/p>\n<h3>EU dispute resolution<\/h3>\n<p>The European Commission provides a platform for online dispute resolution (ODR): <a href=\"https:\/\/ec.europa.eu\/consumers\/odr\/\" target=\"_blank\" rel=\"noopener noreferrer\">https:\/\/ec.europa.eu\/consumers\/odr\/<\/a>.<br \/>\nOur e-mail address can be found above in the site notice.<\/p>\n<p>&nbsp;<\/p>\n<h3>Dispute resolution proceedings in front of a consumer arbitration board<\/h3>\n<p>We are not willing or obliged to participate in dispute resolution proceedings in front of a consumer arbitration board.<\/p>\n<p>&nbsp;<\/p>\n<h3>Disclaimer<\/h3>\n<p>Mit dem Urteil vom 12. Mai 1998 hat das Landgericht Hamburg entschieden, dass man durch die Anbringung eines Links die Inhalte der gelinkten Seite ggf. mit zu verantworten hat. Dies kann &#8211; so das LG &#8211; nur dadurch verhindert werden, dass man sich ausdr\u00fccklich von diesen Inhalten distanziert.<\/p>\n<p>&nbsp;<\/p>\n<p>Wir m\u00f6chten ausdr\u00fccklich betonen, dass wir keinerlei Einfluss auf die Gestaltung und die Inhalte der gelinkten Seiten haben. Deshalb distanzieren wir uns hiermit ausdr\u00fccklich von allen Inhalten aller gelinkten Seiten auf dieser Homepage. Diese Erkl\u00e4rung gilt f\u00fcr alle auf dieser Seite angebrachten Links und f\u00fcr alle Inhalte der Seiten, zu denen die hier sichtbaren Links f\u00fchren.[\/vc_column_text][vc_empty_space height=&#8221;90px&#8221;][\/vc_column][vc_column width=&#8221;1\/3&#8243;][\/vc_column][\/vc_row]<\/p>\n","protected":false},"excerpt":{"rendered":"<p>[vc_row css_animation=&#8221;&#8221; row_type=&#8221;row&#8221; use_row_as_full_screen_section=&#8221;no&#8221; type=&#8221;full_width&#8221; angled_section=&#8221;no&#8221; text_align=&#8221;left&#8221; background_image_as_pattern=&#8221;without_pattern&#8221;][vc_column width=&#8221;2\/3&#8243;][vc_column_text] Site Notice Information pursuant to Sect. 5 German Telemedia Act (TMG) German-Rainbow-Golfers e.V. Sch\u00f6ffengasse 19 41751 Viersen &nbsp; Register of Associations: 201256 Registration court: Amtsgericht L\u00fcneburg &nbsp; Represented by: 1. Vorsitzender: Andreas Iken, Hamburg 2. Vorsitzende:&#8230;<\/p>\n","protected":false},"author":10,"featured_media":0,"parent":0,"menu_order":0,"comment_status":"closed","ping_status":"closed","template":"","meta":{"footnotes":""},"class_list":["post-338","page","type-page","status-publish","hentry"],"_links":{"self":[{"href":"https:\/\/www.german-rainbow-golfers.com\/en\/wp-json\/wp\/v2\/pages\/338","targetHints":{"allow":["GET"]}}],"collection":[{"href":"https:\/\/www.german-rainbow-golfers.com\/en\/wp-json\/wp\/v2\/pages"}],"about":[{"href":"https:\/\/www.german-rainbow-golfers.com\/en\/wp-json\/wp\/v2\/types\/page"}],"author":[{"embeddable":true,"href":"https:\/\/www.german-rainbow-golfers.com\/en\/wp-json\/wp\/v2\/users\/10"}],"replies":[{"embeddable":true,"href":"https:\/\/www.german-rainbow-golfers.com\/en\/wp-json\/wp\/v2\/comments?post=338"}],"version-history":[{"count":10,"href":"https:\/\/www.german-rainbow-golfers.com\/en\/wp-json\/wp\/v2\/pages\/338\/revisions"}],"predecessor-version":[{"id":3860,"href":"https:\/\/www.german-rainbow-golfers.com\/en\/wp-json\/wp\/v2\/pages\/338\/revisions\/3860"}],"wp:attachment":[{"href":"https:\/\/www.german-rainbow-golfers.com\/en\/wp-json\/wp\/v2\/media?parent=338"}],"curies":[{"name":"wp","href":"https:\/\/api.w.org\/{rel}","templated":true}]}}